{"id":766,"date":"2025-03-30T11:14:51","date_gmt":"2025-03-30T11:14:51","guid":{"rendered":"https:\/\/peaceful-meitner.116-202-52-215.plesk.page\/?page_id=766"},"modified":"2025-04-13T12:28:30","modified_gmt":"2025-04-13T12:28:30","slug":"kalender-importieren","status":"publish","type":"page","link":"https:\/\/peaceful-meitner.116-202-52-215.plesk.page\/index.php\/kalender-importieren\/","title":{"rendered":"Kalender importieren"},"content":{"rendered":"\t\t<div data-elementor-type=\"wp-page\" data-elementor-id=\"766\" class=\"elementor elementor-766\" data-elementor-post-type=\"page\">\n\t\t\t\t<div class=\"elementor-element elementor-element-0c20fe7 e-con-full e-flex e-con e-parent\" data-id=\"0c20fe7\" data-element_type=\"container\" data-settings=\"{&quot;background_background&quot;:&quot;classic&quot;,&quot;shape_divider_top&quot;:&quot;tilt&quot;,&quot;shape_divider_bottom&quot;:&quot;tilt&quot;}\">\n\t\t\t\t<div class=\"elementor-shape elementor-shape-top\" data-negative=\"false\">\n\t\t\t<svg xmlns=\"http:\/\/www.w3.org\/2000\/svg\" viewBox=\"0 0 1000 100\" preserveAspectRatio=\"none\">\n\t<path class=\"elementor-shape-fill\" d=\"M0,6V0h1000v100L0,6z\"\/>\n<\/svg>\t\t<\/div>\n\t\t\t\t<div class=\"elementor-shape elementor-shape-bottom\" data-negative=\"false\">\n\t\t\t<svg xmlns=\"http:\/\/www.w3.org\/2000\/svg\" viewBox=\"0 0 1000 100\" preserveAspectRatio=\"none\">\n\t<path class=\"elementor-shape-fill\" d=\"M0,6V0h1000v100L0,6z\"\/>\n<\/svg>\t\t<\/div>\n\t\t<div class=\"elementor-element elementor-element-d98d0f0 e-flex e-con-boxed e-con e-child\" data-id=\"d98d0f0\" data-element_type=\"container\" data-settings=\"{&quot;background_background&quot;:&quot;classic&quot;}\">\n\t\t\t\t\t<div class=\"e-con-inner\">\n\t\t<div class=\"elementor-element elementor-element-0427906 e-con-full e-flex e-con e-child\" data-id=\"0427906\" data-element_type=\"container\">\n\t\t\t\t<div class=\"elementor-element elementor-element-ab17382 elementor-widget elementor-widget-heading\" data-id=\"ab17382\" data-element_type=\"widget\" data-widget_type=\"heading.default\">\n\t\t\t\t<div class=\"elementor-widget-container\">\n\t\t\t\t\t<h2 class=\"elementor-heading-title elementor-size-default\">Kalender importieren<\/h2>\t\t\t\t<\/div>\n\t\t\t\t<\/div>\n\t\t\t\t<\/div>\n\t\t\t\t\t<\/div>\n\t\t\t\t<\/div>\n\t\t\t\t<\/div>\n\t\t<div class=\"elementor-element elementor-element-0c39dbb e-flex e-con-boxed e-con e-parent\" data-id=\"0c39dbb\" data-element_type=\"container\">\n\t\t\t\t\t<div class=\"e-con-inner\">\n\t\t\t\t<div class=\"elementor-element elementor-element-e654ac3 elementor-widget elementor-widget-text-editor\" data-id=\"e654ac3\" data-element_type=\"widget\" data-widget_type=\"text-editor.default\">\n\t\t\t\t<div class=\"elementor-widget-container\">\n\t\t\t\t\t\t\t\t\t<p>Alle Sponsorenevents und Renntermine von mir kannst Du Dir via iCal und ICS in Dein Kalenderprogramm integrieren.<\/p><p><strong>Renntermine importieren<\/strong><\/p><p>In diesem Fall werden die Daten aller Renntermine in diesem Jahr in Deinen Kalender \u00fcbertragen und dort fest integriert. Eventuelle Terminver\u00e4nderungen werden nicht automatisch auf Deinen Kalender \u00fcbertragen.<\/p><p><strong>Sponsorenevents abonnieren<\/strong><\/p><p>Viele Kalenderprogramme unterst\u00fctzen auch das Abonnieren von Kalenderdaten. In diesem Fall werden die Termine meiner Sponsorenevents regelm\u00e4\u00dfig neu abgeglichen. Somit sind Terminver\u00e4nderungen kein Problem, diese werden auch auf Deinen Kalender \u00fcbertragen.<\/p><p><strong>Microsoft Outlook<\/strong><\/p><p>F\u00fcr den Import oder das Abonnement klicke den entsprechenden Link an. Stelle sicher, dass als \u00f6ffnendes Programm Microsoft Office Outlook angegeben ist und klicke auf &#8222;OK&#8220; bzw. &#8222;\u00d6ffnen&#8220;.<\/p><p><strong>Apple iCal<\/strong><\/p><p>Klicke auf einen der beiden Links und folge den Anweisungen von iCal.<\/p><p><strong>Mozilla Thunderbird (mit Lightning-Erweiterung)<\/strong><\/p><p>Um einen Kalender in Thunderbird\/Lightning zu importieren, speichere bitte die Datei an einer beliebigen Stelle ab. Wechsel in die Kalenderansicht von Lightning und w\u00e4hle im Men\u00fc &#8222;Datei&#8220; den Punkt &#8222;Kalender importieren&#8220;. W\u00e4hle die gespeicherte Datei aus und folge den Anweisungen.<br \/>Um einen Kalender zu abonnieren, musst Du zun\u00e4chst einen neuen Kalender anlegen (Men\u00fc &#8222;Kalender&#8220;, &#8222;Neuer Kalender&#8220;). W\u00e4hle beim Anlegen den Punkt &#8222;Im Netzwerk&#8220; aus. Kopiere die Adresse des Links &#8222;iCalender abonnieren&#8220; und f\u00fcge diese in Thunderbird ein. Als Format w\u00e4hlst Du &#8222;iCalender (ICS)&#8220;. Schlie\u00dfe die Kalendererstellung ab.<\/p><p><strong>Google Kalender<\/strong><\/p><p>Eine genaue Anleitung f\u00fcr den Import der Daten ist bei <a href=\"https:\/\/support.google.com\/calendar\/answer\/37118?hl=de&amp;ref_topic=3417927\">Google<\/a> hinterlegt.<\/p>\t\t\t\t\t\t\t\t<\/div>\n\t\t\t\t<\/div>\n\t\t\t\t<div class=\"elementor-element elementor-element-dbe3704 elementor-align-justify elementor-widget__width-inherit elementor-widget elementor-widget-button\" data-id=\"dbe3704\" data-element_type=\"widget\" data-widget_type=\"button.default\">\n\t\t\t\t<div class=\"elementor-widget-container\">\n\t\t\t\t\t\t\t\t\t<div class=\"elementor-button-wrapper\">\n\t\t\t\t\t<a class=\"elementor-button elementor-button-link elementor-size-sm\" href=\"https:\/\/calendar.google.com\/calendar\/ical\/d6963ce61439bb9b706d58f26af1340f55ca3edd4a0d3cb0b0063b8d6b239819%40group.calendar.google.com\/public\/basic.ics\">\n\t\t\t\t\t\t<span class=\"elementor-button-content-wrapper\">\n\t\t\t\t\t\t\t\t\t<span class=\"elementor-button-text\">Sponsorenevents abonnieren<\/span>\n\t\t\t\t\t<\/span>\n\t\t\t\t\t<\/a>\n\t\t\t\t<\/div>\n\t\t\t\t\t\t\t\t<\/div>\n\t\t\t\t<\/div>\n\t\t\t\t<div class=\"elementor-element elementor-element-ac86c74 elementor-align-justify elementor-widget__width-inherit elementor-widget elementor-widget-button\" data-id=\"ac86c74\" data-element_type=\"widget\" data-widget_type=\"button.default\">\n\t\t\t\t<div class=\"elementor-widget-container\">\n\t\t\t\t\t\t\t\t\t<div class=\"elementor-button-wrapper\">\n\t\t\t\t\t<a class=\"elementor-button elementor-button-link elementor-size-sm\" href=\"https:\/\/peaceful-meitner.116-202-52-215.plesk.page\/wp-content\/uploads\/2025\/04\/calendar1.ics\">\n\t\t\t\t\t\t<span class=\"elementor-button-content-wrapper\">\n\t\t\t\t\t\t\t\t\t<span class=\"elementor-button-text\">Renntermine importieren<\/span>\n\t\t\t\t\t<\/span>\n\t\t\t\t\t<\/a>\n\t\t\t\t<\/div>\n\t\t\t\t\t\t\t\t<\/div>\n\t\t\t\t<\/div>\n\t\t\t\t\t<\/div>\n\t\t\t\t<\/div>\n\t\t\t\t<\/div>\n\t\t","protected":false},"excerpt":{"rendered":"<p>Kalender importieren Alle Sponsorenevents und Renntermine von mir kannst Du Dir via iCal und ICS in Dein Kalenderprogramm integrieren. Renntermine importieren In diesem Fall werden die Daten aller Renntermine in diesem Jahr in Deinen Kalender \u00fcbertragen und dort fest integriert. Eventuelle Terminver\u00e4nderungen werden nicht automatisch auf Deinen Kalender \u00fcbertragen. Sponsorenevents abonnieren Viele Kalenderprogramme unterst\u00fctzen auch [&hellip;]<\/p>\n","protected":false},"author":1,"featured_media":0,"parent":0,"menu_order":0,"comment_status":"closed","ping_status":"closed","template":"elementor_header_footer","meta":{"footnotes":""},"class_list":["post-766","page","type-page","status-publish","hentry"],"_links":{"self":[{"href":"https:\/\/peaceful-meitner.116-202-52-215.plesk.page\/index.php\/wp-json\/wp\/v2\/pages\/766","targetHints":{"allow":["GET"]}}],"collection":[{"href":"https:\/\/peaceful-meitner.116-202-52-215.plesk.page\/index.php\/wp-json\/wp\/v2\/pages"}],"about":[{"href":"https:\/\/peaceful-meitner.116-202-52-215.plesk.page\/index.php\/wp-json\/wp\/v2\/types\/page"}],"author":[{"embeddable":true,"href":"https:\/\/peaceful-meitner.116-202-52-215.plesk.page\/index.php\/wp-json\/wp\/v2\/users\/1"}],"replies":[{"embeddable":true,"href":"https:\/\/peaceful-meitner.116-202-52-215.plesk.page\/index.php\/wp-json\/wp\/v2\/comments?post=766"}],"version-history":[{"count":34,"href":"https:\/\/peaceful-meitner.116-202-52-215.plesk.page\/index.php\/wp-json\/wp\/v2\/pages\/766\/revisions"}],"predecessor-version":[{"id":988,"href":"https:\/\/peaceful-meitner.116-202-52-215.plesk.page\/index.php\/wp-json\/wp\/v2\/pages\/766\/revisions\/988"}],"wp:attachment":[{"href":"https:\/\/peaceful-meitner.116-202-52-215.plesk.page\/index.php\/wp-json\/wp\/v2\/media?parent=766"}],"curies":[{"name":"wp","href":"https:\/\/api.w.org\/{rel}","templated":true}]}}