{"id":743,"date":"2025-03-30T10:44:54","date_gmt":"2025-03-30T10:44:54","guid":{"rendered":"https:\/\/peaceful-meitner.116-202-52-215.plesk.page\/?page_id=743"},"modified":"2025-03-30T10:48:55","modified_gmt":"2025-03-30T10:48:55","slug":"impressum","status":"publish","type":"page","link":"https:\/\/peaceful-meitner.116-202-52-215.plesk.page\/index.php\/impressum\/","title":{"rendered":"Impressum"},"content":{"rendered":"\t\t<div data-elementor-type=\"wp-page\" data-elementor-id=\"743\" class=\"elementor elementor-743\" data-elementor-post-type=\"page\">\n\t\t\t\t<div class=\"elementor-element elementor-element-6276a1d e-con-full e-flex e-con e-parent\" data-id=\"6276a1d\" data-element_type=\"container\" data-settings=\"{&quot;background_background&quot;:&quot;classic&quot;,&quot;shape_divider_top&quot;:&quot;tilt&quot;,&quot;shape_divider_bottom&quot;:&quot;tilt&quot;}\">\n\t\t\t\t<div class=\"elementor-shape elementor-shape-top\" data-negative=\"false\">\n\t\t\t<svg xmlns=\"http:\/\/www.w3.org\/2000\/svg\" viewBox=\"0 0 1000 100\" preserveAspectRatio=\"none\">\n\t<path class=\"elementor-shape-fill\" d=\"M0,6V0h1000v100L0,6z\"\/>\n<\/svg>\t\t<\/div>\n\t\t\t\t<div class=\"elementor-shape elementor-shape-bottom\" data-negative=\"false\">\n\t\t\t<svg xmlns=\"http:\/\/www.w3.org\/2000\/svg\" viewBox=\"0 0 1000 100\" preserveAspectRatio=\"none\">\n\t<path class=\"elementor-shape-fill\" d=\"M0,6V0h1000v100L0,6z\"\/>\n<\/svg>\t\t<\/div>\n\t\t<div class=\"elementor-element elementor-element-da28aff e-flex e-con-boxed e-con e-child\" data-id=\"da28aff\" data-element_type=\"container\" data-settings=\"{&quot;background_background&quot;:&quot;classic&quot;}\">\n\t\t\t\t\t<div class=\"e-con-inner\">\n\t\t<div class=\"elementor-element elementor-element-66bcbaf e-con-full e-flex e-con e-child\" data-id=\"66bcbaf\" data-element_type=\"container\">\n\t\t\t\t<div class=\"elementor-element elementor-element-903b31f elementor-widget elementor-widget-heading\" data-id=\"903b31f\" data-element_type=\"widget\" data-widget_type=\"heading.default\">\n\t\t\t\t<div class=\"elementor-widget-container\">\n\t\t\t\t\t<h2 class=\"elementor-heading-title elementor-size-default\">Impressum<\/h2>\t\t\t\t<\/div>\n\t\t\t\t<\/div>\n\t\t\t\t<\/div>\n\t\t\t\t\t<\/div>\n\t\t\t\t<\/div>\n\t\t\t\t<\/div>\n\t\t<div class=\"elementor-element elementor-element-4bffaf8 e-flex e-con-boxed e-con e-parent\" data-id=\"4bffaf8\" data-element_type=\"container\">\n\t\t\t\t\t<div class=\"e-con-inner\">\n\t\t\t\t<div class=\"elementor-element elementor-element-4103dd9 elementor-widget elementor-widget-text-editor\" data-id=\"4103dd9\" data-element_type=\"widget\" data-widget_type=\"text-editor.default\">\n\t\t\t\t<div class=\"elementor-widget-container\">\n\t\t\t\t\t\t\t\t\t<div class=\"uk-margin-medium uk-container uk-container-small\"><div class=\"uk-grid tm-grid-expand uk-child-width-1-1\"><div class=\"uk-width-1-1@m\"><div class=\"uk-text-large uk-margin-medium\"><b>Angaben gem\u00e4\u00df \u00a7 5 TMG:<\/b><\/div><\/div><\/div><\/div><div class=\"uk-grid-margin uk-container uk-container-small\"><div class=\"uk-grid uk-grid-column-collapse\"><div class=\"uk-width-1-3@m uk-first-column\"><div class=\"el-content uk-panel\">Jonas Greif<\/div><div class=\"el-content uk-panel\">Grenzstra\u00dfe 23<\/div><div class=\"el-content uk-panel\">01640 Coswig<\/div><div>\u00a0<\/div><\/div><div class=\"uk-width-2-3@m\"><div class=\"uk-child-width-expand uk-grid-column-collapse uk-grid-row-small uk-grid\"><div class=\"uk-width-small uk-text-break uk-first-column\"><div class=\"el-title uk-margin-remove\">Telefon +49 162 7610662<\/div><\/div><\/div><div class=\"uk-child-width-expand uk-grid-column-collapse uk-grid-row-small uk-grid\"><div class=\"uk-width-small uk-text-break uk-first-column\"><div class=\"el-title uk-margin-remove\">E-Mail <a class=\"uk-link-reset uk-margin-remove-last-child\" href=\"mailto:info@jonas-greif.de\">info@jonas-greif.de<\/a><\/div><\/div><\/div><div class=\"uk-child-width-expand uk-grid-column-collapse uk-grid-row-small uk-grid\"><div class=\"uk-width-small uk-text-break uk-first-column\"><div class=\"el-title uk-margin-remove\">Website <a class=\"uk-link-reset uk-margin-remove-last-child\" href=\"https:\/\/www.jonas-greif.de\/\" target=\"_blank\" rel=\"noopener\">www.jonas-greif.de<\/a><\/div><\/div><\/div><\/div><\/div><\/div><div class=\"uk-margin-large uk-container\"><div class=\"uk-grid tm-grid-expand uk-child-width-1-1\">\u00a0<\/div><\/div><div class=\"uk-grid-margin uk-container uk-container-small\"><div class=\"uk-grid tm-grid-expand uk-child-width-1-1\"><div class=\"uk-width-1-1\"><div class=\"uk-panel\"><p><b>Haftung f\u00fcr Inhalte<\/b><br \/>Als Diensteanbieter sind wir gem\u00e4\u00df \u00a7 7 Abs.1 TMG f\u00fcr eigene Inhalte auf diesen Seiten nach den allgemeinen Gesetzen verantwortlich. Nach \u00a7\u00a7 8 bis 10 TMG sind wir als Diensteanbieter jedoch nicht verpflichtet, \u00fcbermittelte oder gespeicherte fremde Informationen zu \u00fcberwachen oder nach Umst\u00e4nden zu forschen, die auf eine rechtswidrige T\u00e4tigkeit hinweisen. Verpflichtungen zur Entfernung oder Sperrung der Nutzung von Informationen nach den allgemeinen Gesetzen bleiben hiervon unber\u00fchrt. Eine diesbez\u00fcgliche Haftung ist jedoch erst ab dem Zeitpunkt der Kenntnis einer konkreten Rechtsverletzung m\u00f6glich. Bei Bekanntwerden von entsprechenden Rechtsverletzungen werden wir diese Inhalte umgehend entfernen.<\/p><p><b>Haftung f\u00fcr Links<\/b><br \/>Unser Angebot enth\u00e4lt Links zu externen Webseiten Dritter, auf deren Inhalte wir keinen Einfluss haben. Deshalb k\u00f6nnen wir f\u00fcr diese fremden Inhalte auch keine Gew\u00e4hr \u00fcbernehmen. F\u00fcr die Inhalte der verlinkten Seiten ist stets der jeweilige Anbieter oder Betreiber der Seiten verantwortlich. Die verlinkten Seiten wurden zum Zeitpunkt der Verlinkung auf m\u00f6gliche Rechtsverst\u00f6\u00dfe \u00fcberpr\u00fcft. Rechtswidrige Inhalte waren zum Zeitpunkt der Verlinkung nicht erkennbar. Eine permanente inhaltliche Kontrolle der verlinkten Seiten ist jedoch ohne konkrete Anhaltspunkte einer Rechtsverletzung nicht zumutbar. Bei Bekanntwerden von Rechtsverletzungen werden wir derartige Links umgehend entfernen.<\/p><p><b>Urheberrecht<\/b><br \/>Die durch die Seitenbetreiber erstellten Inhalte und Werke auf diesen Seiten unterliegen dem deutschen Urheberrecht. Die Vervielf\u00e4ltigung, Bearbeitung, Verbreitung und jede Art der Verwertung au\u00dferhalb der Grenzen des Urheberrechtes bed\u00fcrfen der schriftlichen Zustimmung des jeweiligen Autors bzw. Erstellers. Downloads und Kopien dieser Seite sind nur f\u00fcr den privaten, nicht kommerziellen Gebrauch gestattet. Soweit die Inhalte auf dieser Seite nicht vom Betreiber erstellt wurden, werden die Urheberrechte Dritter beachtet. Insbesondere werden Inhalte Dritter als solche gekennzeichnet. Sollten Sie trotzdem auf eine Urheberrechtsverletzung aufmerksam werden, bitten wir um einen entsprechenden Hinweis. Bei Bekanntwerden von Rechtsverletzungen werden wir derartige Inhalte umgehend entfernen.<\/p><\/div><\/div><\/div><\/div>\t\t\t\t\t\t\t\t<\/div>\n\t\t\t\t<\/div>\n\t\t\t\t\t<\/div>\n\t\t\t\t<\/div>\n\t\t\t\t<\/div>\n\t\t","protected":false},"excerpt":{"rendered":"<p>Impressum Angaben gem\u00e4\u00df \u00a7 5 TMG:Jonas GreifGrenzstra\u00dfe 2301640 Coswig\u00a0Telefon +49 162 7610662E-Mail info@jonas-greif.deWebsite www.jonas-greif.de\u00a0 Haftung f\u00fcr InhalteAls Diensteanbieter sind wir gem\u00e4\u00df \u00a7 7 Abs.1 TMG f\u00fcr eigene Inhalte auf diesen Seiten nach den allgemeinen Gesetzen verantwortlich. Nach \u00a7\u00a7 8 bis 10 TMG sind wir als Diensteanbieter jedoch nicht verpflichtet, \u00fcbermittelte oder gespeicherte fremde Informationen zu [&hellip;]<\/p>\n","protected":false},"author":1,"featured_media":0,"parent":0,"menu_order":0,"comment_status":"closed","ping_status":"closed","template":"elementor_header_footer","meta":{"footnotes":""},"class_list":["post-743","page","type-page","status-publish","hentry"],"_links":{"self":[{"href":"https:\/\/peaceful-meitner.116-202-52-215.plesk.page\/index.php\/wp-json\/wp\/v2\/pages\/743","targetHints":{"allow":["GET"]}}],"collection":[{"href":"https:\/\/peaceful-meitner.116-202-52-215.plesk.page\/index.php\/wp-json\/wp\/v2\/pages"}],"about":[{"href":"https:\/\/peaceful-meitner.116-202-52-215.plesk.page\/index.php\/wp-json\/wp\/v2\/types\/page"}],"author":[{"embeddable":true,"href":"https:\/\/peaceful-meitner.116-202-52-215.plesk.page\/index.php\/wp-json\/wp\/v2\/users\/1"}],"replies":[{"embeddable":true,"href":"https:\/\/peaceful-meitner.116-202-52-215.plesk.page\/index.php\/wp-json\/wp\/v2\/comments?post=743"}],"version-history":[{"count":10,"href":"https:\/\/peaceful-meitner.116-202-52-215.plesk.page\/index.php\/wp-json\/wp\/v2\/pages\/743\/revisions"}],"predecessor-version":[{"id":760,"href":"https:\/\/peaceful-meitner.116-202-52-215.plesk.page\/index.php\/wp-json\/wp\/v2\/pages\/743\/revisions\/760"}],"wp:attachment":[{"href":"https:\/\/peaceful-meitner.116-202-52-215.plesk.page\/index.php\/wp-json\/wp\/v2\/media?parent=743"}],"curies":[{"name":"wp","href":"https:\/\/api.w.org\/{rel}","templated":true}]}}