{"id":306,"date":"2025-02-14T14:29:39","date_gmt":"2025-02-14T14:29:39","guid":{"rendered":"https:\/\/peaceful-meitner.116-202-52-215.plesk.page\/?page_id=306"},"modified":"2025-04-13T15:07:08","modified_gmt":"2025-04-13T15:07:08","slug":"news","status":"publish","type":"page","link":"https:\/\/peaceful-meitner.116-202-52-215.plesk.page\/index.php\/news\/","title":{"rendered":"News"},"content":{"rendered":"\t\t<div data-elementor-type=\"wp-page\" data-elementor-id=\"306\" class=\"elementor elementor-306\" data-elementor-post-type=\"page\">\n\t\t\t\t<div class=\"elementor-element elementor-element-3d17228 e-con-full e-flex e-con e-parent\" data-id=\"3d17228\" data-element_type=\"container\" data-settings=\"{&quot;background_background&quot;:&quot;classic&quot;,&quot;shape_divider_top&quot;:&quot;tilt&quot;,&quot;shape_divider_bottom&quot;:&quot;tilt&quot;}\">\n\t\t\t\t<div class=\"elementor-shape elementor-shape-top\" data-negative=\"false\">\n\t\t\t<svg xmlns=\"http:\/\/www.w3.org\/2000\/svg\" viewBox=\"0 0 1000 100\" preserveAspectRatio=\"none\">\n\t<path class=\"elementor-shape-fill\" d=\"M0,6V0h1000v100L0,6z\"\/>\n<\/svg>\t\t<\/div>\n\t\t\t\t<div class=\"elementor-shape elementor-shape-bottom\" data-negative=\"false\">\n\t\t\t<svg xmlns=\"http:\/\/www.w3.org\/2000\/svg\" viewBox=\"0 0 1000 100\" preserveAspectRatio=\"none\">\n\t<path class=\"elementor-shape-fill\" d=\"M0,6V0h1000v100L0,6z\"\/>\n<\/svg>\t\t<\/div>\n\t\t<div class=\"elementor-element elementor-element-588caac e-flex e-con-boxed e-con e-child\" data-id=\"588caac\" data-element_type=\"container\" data-settings=\"{&quot;background_background&quot;:&quot;classic&quot;}\">\n\t\t\t\t\t<div class=\"e-con-inner\">\n\t\t<div class=\"elementor-element elementor-element-dec0d9a e-con-full e-flex e-con e-child\" data-id=\"dec0d9a\" data-element_type=\"container\">\n\t\t\t\t<div class=\"elementor-element elementor-element-3138959 elementor-widget elementor-widget-heading\" data-id=\"3138959\" data-element_type=\"widget\" data-widget_type=\"heading.default\">\n\t\t\t\t<div class=\"elementor-widget-container\">\n\t\t\t\t\t<h2 class=\"elementor-heading-title elementor-size-default\">News<\/h2>\t\t\t\t<\/div>\n\t\t\t\t<\/div>\n\t\t\t\t<\/div>\n\t\t\t\t\t<\/div>\n\t\t\t\t<\/div>\n\t\t\t\t<div class=\"elementor-element elementor-element-18c9930 elementor-align-center elementor-widget elementor-widget-button\" data-id=\"18c9930\" data-element_type=\"widget\" data-widget_type=\"button.default\">\n\t\t\t\t<div class=\"elementor-widget-container\">\n\t\t\t\t\t\t\t\t\t<div class=\"elementor-button-wrapper\">\n\t\t\t\t\t<a class=\"elementor-button elementor-button-link elementor-size-sm\" href=\"#\">\n\t\t\t\t\t\t<span class=\"elementor-button-content-wrapper\">\n\t\t\t\t\t\t\t\t\t<span class=\"elementor-button-text\">Alles rund um mich und meine Rennen<\/span>\n\t\t\t\t\t<\/span>\n\t\t\t\t\t<\/a>\n\t\t\t\t<\/div>\n\t\t\t\t\t\t\t\t<\/div>\n\t\t\t\t<\/div>\n\t\t\t\t<\/div>\n\t\t<div class=\"elementor-element elementor-element-d97fdc2 e-flex e-con-boxed e-con e-parent\" data-id=\"d97fdc2\" data-element_type=\"container\">\n\t\t\t\t\t<div class=\"e-con-inner\">\n\t\t\t\t<div class=\"elementor-element elementor-element-9b21b6d elementor-widget elementor-widget-text-editor\" data-id=\"9b21b6d\" data-element_type=\"widget\" data-widget_type=\"text-editor.default\">\n\t\t\t\t<div class=\"elementor-widget-container\">\n\t\t\t\t\t\t\t\t\t<p>Hinter dem Motorsport steckt so viel mehr, als das was uns im Fernsehen vermittelt wird. Ich m\u00f6chte diesen unbeschreiblichen Sport f\u00fcr Euch GREIFbar machen. Meine pers\u00f6nlichen Eindr\u00fccke zu den Rennveranstaltungen findet ihr immer aktuell nach jedem Rennen in den News oder Ihr genie\u00dft es live bei den Talkrunden im Kempinski Taschenbergpalais.<\/p>\t\t\t\t\t\t\t\t<\/div>\n\t\t\t\t<\/div>\n\t\t\t\t\t<\/div>\n\t\t\t\t<\/div>\n\t\t<div class=\"elementor-element elementor-element-6fb631f e-flex e-con-boxed e-con e-parent\" data-id=\"6fb631f\" data-element_type=\"container\">\n\t\t\t\t\t<div class=\"e-con-inner\">\n\t\t\t\t<div class=\"elementor-element elementor-element-a4e33ac elementor-grid-3 elementor-grid-tablet-2 elementor-grid-mobile-1 elementor-posts--thumbnail-top elementor-card-shadow-yes elementor-posts__hover-gradient elementor-widget elementor-widget-posts\" data-id=\"a4e33ac\" data-element_type=\"widget\" data-settings=\"{&quot;cards_columns&quot;:&quot;3&quot;,&quot;cards_columns_tablet&quot;:&quot;2&quot;,&quot;cards_columns_mobile&quot;:&quot;1&quot;,&quot;cards_row_gap&quot;:{&quot;unit&quot;:&quot;px&quot;,&quot;size&quot;:35,&quot;sizes&quot;:[]},&quot;cards_row_gap_tablet&quot;:{&quot;unit&quot;:&quot;px&quot;,&quot;size&quot;:&quot;&quot;,&quot;sizes&quot;:[]},&quot;cards_row_gap_mobile&quot;:{&quot;unit&quot;:&quot;px&quot;,&quot;size&quot;:&quot;&quot;,&quot;sizes&quot;:[]}}\" data-widget_type=\"posts.cards\">\n\t\t\t\t<div class=\"elementor-widget-container\">\n\t\t\t\t\t\t\t<div class=\"elementor-posts-container elementor-posts elementor-posts--skin-cards elementor-grid\">\n\t\t\t\t<article class=\"elementor-post elementor-grid-item post-588 post type-post status-publish format-standard has-post-thumbnail hentry category-uncategorized\">\n\t\t\t<div class=\"elementor-post__card\">\n\t\t\t\t<a class=\"elementor-post__thumbnail__link\" href=\"https:\/\/peaceful-meitner.116-202-52-215.plesk.page\/index.php\/2025\/03\/05\/imola\/\" tabindex=\"-1\" ><div class=\"elementor-post__thumbnail\"><img fetchpriority=\"high\" decoding=\"async\" width=\"300\" height=\"200\" src=\"https:\/\/peaceful-meitner.116-202-52-215.plesk.page\/wp-content\/uploads\/2021\/11\/DSC1289-300x200.jpg\" class=\"attachment-medium size-medium wp-image-567\" alt=\"\" srcset=\"https:\/\/peaceful-meitner.116-202-52-215.plesk.page\/wp-content\/uploads\/2021\/11\/DSC1289-300x200.jpg 300w, https:\/\/peaceful-meitner.116-202-52-215.plesk.page\/wp-content\/uploads\/2021\/11\/DSC1289-1024x683.jpg 1024w, https:\/\/peaceful-meitner.116-202-52-215.plesk.page\/wp-content\/uploads\/2021\/11\/DSC1289-768x512.jpg 768w, https:\/\/peaceful-meitner.116-202-52-215.plesk.page\/wp-content\/uploads\/2021\/11\/DSC1289-1536x1024.jpg 1536w, https:\/\/peaceful-meitner.116-202-52-215.plesk.page\/wp-content\/uploads\/2021\/11\/DSC1289-2048x1365.jpg 2048w\" sizes=\"(max-width: 300px) 100vw, 300px\" \/><\/div><\/a>\n\t\t\t\t<div class=\"elementor-post__text\">\n\t\t\t\t<h3 class=\"elementor-post__title\">\n\t\t\t<a href=\"https:\/\/peaceful-meitner.116-202-52-215.plesk.page\/index.php\/2025\/03\/05\/imola\/\" >\n\t\t\t\tImola\t\t\t<\/a>\n\t\t<\/h3>\n\t\t\n\t\t<a class=\"elementor-post__read-more\" href=\"https:\/\/peaceful-meitner.116-202-52-215.plesk.page\/index.php\/2025\/03\/05\/imola\/\" aria-label=\"Read more about Imola\" tabindex=\"-1\" >\n\t\t\tWeiterlesen \u00bb\t\t<\/a>\n\n\t\t\t\t<\/div>\n\t\t\t\t\t<\/div>\n\t\t<\/article>\n\t\t\t\t<article class=\"elementor-post elementor-grid-item post-144 post type-post status-publish format-standard has-post-thumbnail hentry category-uncategorized\">\n\t\t\t<div class=\"elementor-post__card\">\n\t\t\t\t<a class=\"elementor-post__thumbnail__link\" href=\"https:\/\/peaceful-meitner.116-202-52-215.plesk.page\/index.php\/2025\/03\/01\/barcrlona\/\" tabindex=\"-1\" ><div class=\"elementor-post__thumbnail\"><img decoding=\"async\" width=\"300\" height=\"200\" src=\"https:\/\/peaceful-meitner.116-202-52-215.plesk.page\/wp-content\/uploads\/2021\/11\/DSC7529-300x200.jpg\" class=\"attachment-medium size-medium wp-image-569\" alt=\"\" srcset=\"https:\/\/peaceful-meitner.116-202-52-215.plesk.page\/wp-content\/uploads\/2021\/11\/DSC7529-300x200.jpg 300w, https:\/\/peaceful-meitner.116-202-52-215.plesk.page\/wp-content\/uploads\/2021\/11\/DSC7529-1024x683.jpg 1024w, https:\/\/peaceful-meitner.116-202-52-215.plesk.page\/wp-content\/uploads\/2021\/11\/DSC7529-768x512.jpg 768w, https:\/\/peaceful-meitner.116-202-52-215.plesk.page\/wp-content\/uploads\/2021\/11\/DSC7529-1536x1024.jpg 1536w, https:\/\/peaceful-meitner.116-202-52-215.plesk.page\/wp-content\/uploads\/2021\/11\/DSC7529-2048x1365.jpg 2048w\" sizes=\"(max-width: 300px) 100vw, 300px\" \/><\/div><\/a>\n\t\t\t\t<div class=\"elementor-post__text\">\n\t\t\t\t<h3 class=\"elementor-post__title\">\n\t\t\t<a href=\"https:\/\/peaceful-meitner.116-202-52-215.plesk.page\/index.php\/2025\/03\/01\/barcrlona\/\" >\n\t\t\t\tBarcelona\t\t\t<\/a>\n\t\t<\/h3>\n\t\t\n\t\t<a class=\"elementor-post__read-more\" href=\"https:\/\/peaceful-meitner.116-202-52-215.plesk.page\/index.php\/2025\/03\/01\/barcrlona\/\" aria-label=\"Read more about Barcelona\" tabindex=\"-1\" >\n\t\t\tWeiterlesen \u00bb\t\t<\/a>\n\n\t\t\t\t<\/div>\n\t\t\t\t\t<\/div>\n\t\t<\/article>\n\t\t\t\t<article class=\"elementor-post elementor-grid-item post-110 post type-post status-publish format-standard has-post-thumbnail hentry category-uncategorized\">\n\t\t\t<div class=\"elementor-post__card\">\n\t\t\t\t<a class=\"elementor-post__thumbnail__link\" href=\"https:\/\/peaceful-meitner.116-202-52-215.plesk.page\/index.php\/2025\/02\/22\/valencia\/\" tabindex=\"-1\" ><div class=\"elementor-post__thumbnail\"><img decoding=\"async\" width=\"300\" height=\"200\" src=\"https:\/\/peaceful-meitner.116-202-52-215.plesk.page\/wp-content\/uploads\/2021\/11\/DSC7980-300x200.jpg\" class=\"attachment-medium size-medium wp-image-555\" alt=\"\" srcset=\"https:\/\/peaceful-meitner.116-202-52-215.plesk.page\/wp-content\/uploads\/2021\/11\/DSC7980-300x200.jpg 300w, https:\/\/peaceful-meitner.116-202-52-215.plesk.page\/wp-content\/uploads\/2021\/11\/DSC7980-1024x683.jpg 1024w, https:\/\/peaceful-meitner.116-202-52-215.plesk.page\/wp-content\/uploads\/2021\/11\/DSC7980-768x512.jpg 768w, https:\/\/peaceful-meitner.116-202-52-215.plesk.page\/wp-content\/uploads\/2021\/11\/DSC7980-1536x1024.jpg 1536w, https:\/\/peaceful-meitner.116-202-52-215.plesk.page\/wp-content\/uploads\/2021\/11\/DSC7980-2048x1365.jpg 2048w\" sizes=\"(max-width: 300px) 100vw, 300px\" \/><\/div><\/a>\n\t\t\t\t<div class=\"elementor-post__text\">\n\t\t\t\t<h3 class=\"elementor-post__title\">\n\t\t\t<a href=\"https:\/\/peaceful-meitner.116-202-52-215.plesk.page\/index.php\/2025\/02\/22\/valencia\/\" >\n\t\t\t\tValencia\t\t\t<\/a>\n\t\t<\/h3>\n\t\t\n\t\t<a class=\"elementor-post__read-more\" href=\"https:\/\/peaceful-meitner.116-202-52-215.plesk.page\/index.php\/2025\/02\/22\/valencia\/\" aria-label=\"Read more about Valencia\" tabindex=\"-1\" >\n\t\t\tWeiterlesen \u00bb\t\t<\/a>\n\n\t\t\t\t<\/div>\n\t\t\t\t\t<\/div>\n\t\t<\/article>\n\t\t\t\t<article class=\"elementor-post elementor-grid-item post-145 post type-post status-publish format-standard has-post-thumbnail hentry category-uncategorized\">\n\t\t\t<div class=\"elementor-post__card\">\n\t\t\t\t<a class=\"elementor-post__thumbnail__link\" href=\"https:\/\/peaceful-meitner.116-202-52-215.plesk.page\/index.php\/2025\/02\/08\/estoril\/\" tabindex=\"-1\" ><div class=\"elementor-post__thumbnail\"><img fetchpriority=\"high\" decoding=\"async\" width=\"300\" height=\"200\" src=\"https:\/\/peaceful-meitner.116-202-52-215.plesk.page\/wp-content\/uploads\/2021\/11\/DSC1289-300x200.jpg\" class=\"attachment-medium size-medium wp-image-567\" alt=\"\" srcset=\"https:\/\/peaceful-meitner.116-202-52-215.plesk.page\/wp-content\/uploads\/2021\/11\/DSC1289-300x200.jpg 300w, https:\/\/peaceful-meitner.116-202-52-215.plesk.page\/wp-content\/uploads\/2021\/11\/DSC1289-1024x683.jpg 1024w, https:\/\/peaceful-meitner.116-202-52-215.plesk.page\/wp-content\/uploads\/2021\/11\/DSC1289-768x512.jpg 768w, https:\/\/peaceful-meitner.116-202-52-215.plesk.page\/wp-content\/uploads\/2021\/11\/DSC1289-1536x1024.jpg 1536w, https:\/\/peaceful-meitner.116-202-52-215.plesk.page\/wp-content\/uploads\/2021\/11\/DSC1289-2048x1365.jpg 2048w\" sizes=\"(max-width: 300px) 100vw, 300px\" \/><\/div><\/a>\n\t\t\t\t<div class=\"elementor-post__text\">\n\t\t\t\t<h3 class=\"elementor-post__title\">\n\t\t\t<a href=\"https:\/\/peaceful-meitner.116-202-52-215.plesk.page\/index.php\/2025\/02\/08\/estoril\/\" >\n\t\t\t\tEstoril\t\t\t<\/a>\n\t\t<\/h3>\n\t\t\n\t\t<a class=\"elementor-post__read-more\" href=\"https:\/\/peaceful-meitner.116-202-52-215.plesk.page\/index.php\/2025\/02\/08\/estoril\/\" aria-label=\"Read more about Estoril\" tabindex=\"-1\" >\n\t\t\tWeiterlesen \u00bb\t\t<\/a>\n\n\t\t\t\t<\/div>\n\t\t\t\t\t<\/div>\n\t\t<\/article>\n\t\t\t\t<article class=\"elementor-post elementor-grid-item post-107 post type-post status-publish format-standard has-post-thumbnail hentry category-uncategorized\">\n\t\t\t<div class=\"elementor-post__card\">\n\t\t\t\t<a class=\"elementor-post__thumbnail__link\" href=\"https:\/\/peaceful-meitner.116-202-52-215.plesk.page\/index.php\/2025\/01\/19\/portimao\/\" tabindex=\"-1\" ><div class=\"elementor-post__thumbnail\"><img loading=\"lazy\" decoding=\"async\" width=\"300\" height=\"200\" src=\"https:\/\/peaceful-meitner.116-202-52-215.plesk.page\/wp-content\/uploads\/2021\/11\/DSC8241-300x200.jpg\" class=\"attachment-medium size-medium wp-image-558\" alt=\"\" srcset=\"https:\/\/peaceful-meitner.116-202-52-215.plesk.page\/wp-content\/uploads\/2021\/11\/DSC8241-300x200.jpg 300w, https:\/\/peaceful-meitner.116-202-52-215.plesk.page\/wp-content\/uploads\/2021\/11\/DSC8241-1024x683.jpg 1024w, https:\/\/peaceful-meitner.116-202-52-215.plesk.page\/wp-content\/uploads\/2021\/11\/DSC8241-768x512.jpg 768w, https:\/\/peaceful-meitner.116-202-52-215.plesk.page\/wp-content\/uploads\/2021\/11\/DSC8241-1536x1024.jpg 1536w, https:\/\/peaceful-meitner.116-202-52-215.plesk.page\/wp-content\/uploads\/2021\/11\/DSC8241-2048x1365.jpg 2048w\" sizes=\"(max-width: 300px) 100vw, 300px\" \/><\/div><\/a>\n\t\t\t\t<div class=\"elementor-post__text\">\n\t\t\t\t<h3 class=\"elementor-post__title\">\n\t\t\t<a href=\"https:\/\/peaceful-meitner.116-202-52-215.plesk.page\/index.php\/2025\/01\/19\/portimao\/\" >\n\t\t\t\tPortimao\t\t\t<\/a>\n\t\t<\/h3>\n\t\t\n\t\t<a class=\"elementor-post__read-more\" href=\"https:\/\/peaceful-meitner.116-202-52-215.plesk.page\/index.php\/2025\/01\/19\/portimao\/\" aria-label=\"Read more about Portimao\" tabindex=\"-1\" >\n\t\t\tWeiterlesen \u00bb\t\t<\/a>\n\n\t\t\t\t<\/div>\n\t\t\t\t\t<\/div>\n\t\t<\/article>\n\t\t\t\t<\/div>\n\t\t\n\t\t\t\t\t\t<\/div>\n\t\t\t\t<\/div>\n\t\t\t\t\t<\/div>\n\t\t\t\t<\/div>\n\t\t\t\t<\/div>\n\t\t","protected":false},"excerpt":{"rendered":"<p>News Alles rund um mich und meine Rennen Hinter dem Motorsport steckt so viel mehr, als das was uns im Fernsehen vermittelt wird. Ich m\u00f6chte<\/p>\n","protected":false},"author":1,"featured_media":0,"parent":0,"menu_order":0,"comment_status":"closed","ping_status":"closed","template":"elementor_header_footer","meta":{"footnotes":""},"class_list":["post-306","page","type-page","status-publish","hentry"],"_links":{"self":[{"href":"https:\/\/peaceful-meitner.116-202-52-215.plesk.page\/index.php\/wp-json\/wp\/v2\/pages\/306","targetHints":{"allow":["GET"]}}],"collection":[{"href":"https:\/\/peaceful-meitner.116-202-52-215.plesk.page\/index.php\/wp-json\/wp\/v2\/pages"}],"about":[{"href":"https:\/\/peaceful-meitner.116-202-52-215.plesk.page\/index.php\/wp-json\/wp\/v2\/types\/page"}],"author":[{"embeddable":true,"href":"https:\/\/peaceful-meitner.116-202-52-215.plesk.page\/index.php\/wp-json\/wp\/v2\/users\/1"}],"replies":[{"embeddable":true,"href":"https:\/\/peaceful-meitner.116-202-52-215.plesk.page\/index.php\/wp-json\/wp\/v2\/comments?post=306"}],"version-history":[{"count":37,"href":"https:\/\/peaceful-meitner.116-202-52-215.plesk.page\/index.php\/wp-json\/wp\/v2\/pages\/306\/revisions"}],"predecessor-version":[{"id":1080,"href":"https:\/\/peaceful-meitner.116-202-52-215.plesk.page\/index.php\/wp-json\/wp\/v2\/pages\/306\/revisions\/1080"}],"wp:attachment":[{"href":"https:\/\/peaceful-meitner.116-202-52-215.plesk.page\/index.php\/wp-json\/wp\/v2\/media?parent=306"}],"curies":[{"name":"wp","href":"https:\/\/api.w.org\/{rel}","templated":true}]}}